{"id":505,"date":"2026-04-27T09:11:38","date_gmt":"2026-04-27T07:11:38","guid":{"rendered":"https:\/\/bakun-notariusze.waw.pl\/?page_id=505"},"modified":"2026-04-27T09:13:06","modified_gmt":"2026-04-27T07:13:06","slug":"podzial-majatku-wspolnego","status":"publish","type":"page","link":"https:\/\/bakun-notariusze.waw.pl\/index.php\/podzial-majatku-wspolnego\/","title":{"rendered":"Podzia\u0142 maj\u0105tku wsp\u00f3lnego"},"content":{"rendered":"\t\t<div data-elementor-type=\"wp-page\" data-elementor-id=\"505\" class=\"elementor elementor-505\">\n\t\t\t\t\t\t<section class=\"elementor-section elementor-top-section elementor-element elementor-element-2b6c7c0 elementor-section-height-min-height animated-slow elementor-section-boxed elementor-section-height-default elementor-section-items-middle elementor-invisible\" data-id=\"2b6c7c0\" data-element_type=\"section\" data-e-type=\"section\" data-settings=\"{&quot;background_background&quot;:&quot;classic&quot;,&quot;animation&quot;:&quot;fadeIn&quot;,&quot;animation_mobile&quot;:&quot;none&quot;}\">\n\t\t\t\t\t\t\t<div class=\"elementor-background-overlay\"><\/div>\n\t\t\t\t\t\t\t<div class=\"elementor-container elementor-column-gap-default\">\n\t\t\t\t\t<div class=\"elementor-column elementor-col-100 elementor-top-column elementor-element elementor-element-424dc0f\" data-id=\"424dc0f\" data-element_type=\"column\" data-e-type=\"column\">\n\t\t\t<div class=\"elementor-widget-wrap elementor-element-populated\">\n\t\t\t\t\t\t<div class=\"elementor-element elementor-element-9dcdb2e elementor-widget elementor-widget-heading\" data-id=\"9dcdb2e\" data-element_type=\"widget\" data-e-type=\"widget\" data-widget_type=\"heading.default\">\n\t\t\t\t<div class=\"elementor-widget-container\">\n\t\t\t\t\t<h1 class=\"elementor-heading-title elementor-size-default\">Podzia\u0142 maj\u0105tku wsp\u00f3lnego<\/h1>\t\t\t\t<\/div>\n\t\t\t\t<\/div>\n\t\t\t\t\t<\/div>\n\t\t<\/div>\n\t\t\t\t\t<\/div>\n\t\t<\/section>\n\t\t\t\t<section class=\"elementor-section elementor-top-section elementor-element elementor-element-298f44b elementor-section-boxed elementor-section-height-default elementor-section-height-default\" data-id=\"298f44b\" data-element_type=\"section\" data-e-type=\"section\">\n\t\t\t\t\t\t<div class=\"elementor-container elementor-column-gap-default\">\n\t\t\t\t\t<div class=\"elementor-column elementor-col-100 elementor-top-column elementor-element elementor-element-6776774\" data-id=\"6776774\" data-element_type=\"column\" data-e-type=\"column\">\n\t\t\t<div class=\"elementor-widget-wrap elementor-element-populated\">\n\t\t\t\t\t\t<div class=\"elementor-element elementor-element-cbee18e opt_text elementor-widget elementor-widget-text-editor\" data-id=\"cbee18e\" data-element_type=\"widget\" data-e-type=\"widget\" data-widget_type=\"text-editor.default\">\n\t\t\t\t<div class=\"elementor-widget-container\">\n\t\t\t\t\t\t\t\t\t<p>Potrzebujesz rzetelnej pomocy w podziale maj\u0105tku wsp\u00f3lnego? Skorzystaj z do\u015bwiadczenia notariusza na Grochowie. U\u0142atwiamy ca\u0142y proces dzi\u0119ki kompleksowej obs\u0142udze oraz szybkiemu i skutecznemu przygotowaniu akt\u00f3w notarialnych. Niezale\u017cnie od Twojej sytuacji, mo\u017cesz liczy\u0107 na profesjonalne doradztwo i wsparcie na ka\u017cdym etapie. Zaufa\u0142o nam ju\u017c wielu klient\u00f3w z Warszawy Groch\u00f3w oraz z dzielnicy Praga Po\u0142udnie. Skontaktuj si\u0119 z nami i zacznij dzia\u0142a\u0107 ju\u017c dzi\u015b!<\/p><h2>Profesjonalne us\u0142ugi notarialne na grochowie<\/h2><p>Nasza kancelaria notarialna na warszawskim Grochowie oferuje kompleksowe us\u0142ugi zwi\u0105zane z podzia\u0142em maj\u0105tku wsp\u00f3lnego. Rozumiemy, jak wa\u017cne jest sprawne i bezpieczne uregulowanie spraw maj\u0105tkowych po zako\u0144czeniu zwi\u0105zku. Dlatego te\u017c zapewniamy pomoc na ka\u017cdym etapie procesu. Dzi\u0119ki naszemu do\u015bwiadczeniu i profesjonalnemu podej\u015bciu, ca\u0142y proces staje si\u0119 bardziej zrozumia\u0142y i mniej stresuj\u0105cy. Podzia\u0142 maj\u0105tku wsp\u00f3lnego u notariusza to decyzja, kt\u00f3ra zapewnia bezpiecze\u0144stwo prawne i gwarantuje zgodno\u015b\u0107 z obowi\u0105zuj\u0105cymi przepisami.<\/p><p>Oferujemy nast\u0119puj\u0105ce us\u0142ugi:<\/p><ul><li>Sporz\u0105dzanie niezb\u0119dnych akt\u00f3w notarialnych<\/li><li>Analiz\u0119 i weryfikacj\u0119 dokument\u00f3w maj\u0105tkowych<\/li><li>Mediacje i doradztwo w razie konflikt\u00f3w<\/li><li>Wsparcie w kompletowaniu dokumentacji<\/li><\/ul><p>Naszym klientom z rejonu Grochowa wspieramy w ka\u017cdej sytuacji, dostosowuj\u0105c si\u0119 do indywidualnych potrzeb. Dzia\u0142aj\u0105c w sercu Warszawy, \u0142\u0105czymy lokalne podej\u015bcie z du\u017cym do\u015bwiadczeniem, co czyni nas idealnym wyborem dla os\u00f3b poszukuj\u0105cych rzetelnej pomocy w sprawach notarialnych.<\/p><h2>Podzia\u0142 maj\u0105tku wsp\u00f3lnego w warszawie &#8211; praga po\u0142udnie<\/h2><p>Nasza kancelaria na Pradze Po\u0142udnie to miejsce, w kt\u00f3rym podzia\u0142 maj\u0105tku wsp\u00f3lnego u notariusza staje si\u0119 prostszym procesem. Dzi\u0119ki dogodnej lokalizacji, jeste\u015bmy zawsze blisko naszych klient\u00f3w, co pozwala na sprawne i szybkie za\u0142atwienie wszystkich formalno\u015bci. Lokalno\u015b\u0107 naszej kancelarii to nie tylko wygoda, ale tak\u017ce gwarancja, \u017ce znaj\u0105c specyfik\u0119 regionu, mo\u017cemy lepiej zrozumie\u0107 potrzeby os\u00f3b z dzielnicy Praga Po\u0142udnie.<\/p><p>Decyduj\u0105c si\u0119 na nasze us\u0142ugi, zyskujesz:<\/p><ul><li>Indywidualne podej\u015bcie do ka\u017cdej sytuacji<\/li><li>Bezpo\u015bredni kontakt z do\u015bwiadczonym notariuszem<\/li><li>Kompleksowe wsparcie prawne w ka\u017cdej sprawie<\/li><li>Mo\u017cliwo\u015b\u0107 szybkiego rozwi\u0105zania nieporozumie\u0144<\/li><\/ul><p>Nasza obecno\u015b\u0107 na Pradze Po\u0142udnie umo\u017cliwia nam blisk\u0105 wsp\u00f3\u0142prac\u0119 z klientami, co przek\u0142ada si\u0119 na bardziej efektywne i satysfakcjonuj\u0105ce us\u0142ugi. Dbamy o to, by ka\u017cda osoba korzystaj\u0105ca z naszych us\u0142ug czu\u0142a si\u0119 pewnie i bezpiecznie w kwestiach zwi\u0105zanych z podzia\u0142em maj\u0105tku.<\/p><h2>Jak przebiega podzia\u0142 maj\u0105tku u notariusza?<\/h2><p>Podzia\u0142 maj\u0105tku wsp\u00f3lnego u notariusza na Warszawskim Grochowie to proces, kt\u00f3ry zaczyna si\u0119 od zgromadzenia niezb\u0119dnych dokument\u00f3w, takich jak odpisy ksi\u0105g wieczystych czy umowy potwierdzaj\u0105ce w\u0142asno\u015b\u0107. Notariusz przeprowadza analiz\u0119 tych dokument\u00f3w i wspiera klient\u00f3w w ka\u017cdej fazie, aby zapewni\u0107 pe\u0142ne zrozumienie i przejrzysto\u015b\u0107 dzia\u0142a\u0144. Dzi\u0119ki jego do\u015bwiadczeniu i profesjonalnemu podej\u015bciu, ca\u0142y proces przebiega szybko i sprawnie.<\/p><p>Notariusz oferuje tak\u017ce mediacje w razie konflikt\u00f3w i pomaga w ustaleniu sprawiedliwego podzia\u0142u. Niezale\u017cnie od stopnia z\u0142o\u017cono\u015bci sprawy, zapewnia indywidualne podej\u015bcie oraz pe\u0142ne wsparcie prawne. Dzi\u0119ki temu klienci mog\u0105 by\u0107 pewni, \u017ce ich interesy s\u0105 w dobrych r\u0119kach, a podzia\u0142 maj\u0105tku przebiega zgodnie z przepisami prawa.<\/p>\t\t\t\t\t\t\t\t<\/div>\n\t\t\t\t<\/div>\n\t\t\t\t\t<\/div>\n\t\t<\/div>\n\t\t\t\t\t<\/div>\n\t\t<\/section>\n\t\t\t\t<\/div>\n\t\t","protected":false},"excerpt":{"rendered":"<p>Podzia\u0142 maj\u0105tku wsp\u00f3lnego Potrzebujesz rzetelnej pomocy w podziale maj\u0105tku wsp\u00f3lnego? Skorzystaj z do\u015bwiadczenia notariusza na Grochowie. U\u0142atwiamy ca\u0142y proces dzi\u0119ki kompleksowej obs\u0142udze oraz szybkiemu i skutecznemu przygotowaniu akt\u00f3w notarialnych. Niezale\u017cnie od Twojej sytuacji, mo\u017cesz liczy\u0107 na profesjonalne doradztwo i wsparcie na ka\u017cdym etapie. Zaufa\u0142o nam ju\u017c wielu klient\u00f3w z Warszawy Groch\u00f3w oraz z dzielnicy Praga [&hellip;]<\/p>\n","protected":false},"author":2,"featured_media":0,"parent":0,"menu_order":0,"comment_status":"closed","ping_status":"closed","template":"elementor_header_footer","meta":{"footnotes":""},"class_list":["post-505","page","type-page","status-publish","hentry"],"yoast_head":"<!-- This site is optimized with the Yoast SEO plugin v27.5 - https:\/\/yoast.com\/product\/yoast-seo-wordpress\/ -->\n<title>Podzia\u0142 maj\u0105tku wsp\u00f3lnego - Artur Bakun<\/title>\n<meta name=\"description\" content=\"Podzia\u0142 maj\u0105tku wsp\u00f3lnego u notariusza - sprawnie i bez stresu. Warszawa Groch\u00f3w, Praga Po\u0142udnie. Skorzystaj z profesjonalnej pomocy notarialnej.\" \/>\n<meta name=\"robots\" content=\"index, follow, max-snippet:-1, max-image-preview:large, max-video-preview:-1\" \/>\n<link rel=\"canonical\" href=\"https:\/\/bakun-notariusze.waw.pl\/index.php\/podzial-majatku-wspolnego\/\" \/>\n<meta property=\"og:locale\" content=\"pl_PL\" \/>\n<meta property=\"og:type\" content=\"article\" \/>\n<meta property=\"og:title\" content=\"Podzia\u0142 maj\u0105tku wsp\u00f3lnego - Artur Bakun\" \/>\n<meta property=\"og:description\" content=\"Podzia\u0142 maj\u0105tku wsp\u00f3lnego u notariusza - sprawnie i bez stresu. Warszawa Groch\u00f3w, Praga Po\u0142udnie. Skorzystaj z profesjonalnej pomocy notarialnej.\" \/>\n<meta property=\"og:url\" content=\"https:\/\/bakun-notariusze.waw.pl\/index.php\/podzial-majatku-wspolnego\/\" \/>\n<meta property=\"og:site_name\" content=\"Artur Bakun\" \/>\n<meta property=\"article:publisher\" content=\"https:\/\/www.facebook.com\/Artur.Bakun.notariusz.w.Warszawie\/\" \/>\n<meta property=\"article:modified_time\" content=\"2026-04-27T07:13:06+00:00\" \/>\n<meta name=\"twitter:card\" content=\"summary_large_image\" \/>\n<meta name=\"twitter:label1\" content=\"Szacowany czas czytania\" \/>\n\t<meta name=\"twitter:data1\" content=\"3 minuty\" \/>\n<script type=\"application\/ld+json\" class=\"yoast-schema-graph\">{\"@context\":\"https:\\\/\\\/schema.org\",\"@graph\":[{\"@type\":\"WebPage\",\"@id\":\"https:\\\/\\\/bakun-notariusze.waw.pl\\\/index.php\\\/podzial-majatku-wspolnego\\\/\",\"url\":\"https:\\\/\\\/bakun-notariusze.waw.pl\\\/index.php\\\/podzial-majatku-wspolnego\\\/\",\"name\":\"Podzia\u0142 maj\u0105tku wsp\u00f3lnego - Artur Bakun\",\"isPartOf\":{\"@id\":\"https:\\\/\\\/bakun-notariusze.waw.pl\\\/#website\"},\"datePublished\":\"2026-04-27T07:11:38+00:00\",\"dateModified\":\"2026-04-27T07:13:06+00:00\",\"description\":\"Podzia\u0142 maj\u0105tku wsp\u00f3lnego u notariusza - sprawnie i bez stresu. Warszawa Groch\u00f3w, Praga Po\u0142udnie. Skorzystaj z profesjonalnej pomocy notarialnej.\",\"breadcrumb\":{\"@id\":\"https:\\\/\\\/bakun-notariusze.waw.pl\\\/index.php\\\/podzial-majatku-wspolnego\\\/#breadcrumb\"},\"inLanguage\":\"pl-PL\",\"potentialAction\":[{\"@type\":\"ReadAction\",\"target\":[\"https:\\\/\\\/bakun-notariusze.waw.pl\\\/index.php\\\/podzial-majatku-wspolnego\\\/\"]}]},{\"@type\":\"BreadcrumbList\",\"@id\":\"https:\\\/\\\/bakun-notariusze.waw.pl\\\/index.php\\\/podzial-majatku-wspolnego\\\/#breadcrumb\",\"itemListElement\":[{\"@type\":\"ListItem\",\"position\":1,\"name\":\"Strona g\u0142\u00f3wna\",\"item\":\"https:\\\/\\\/bakun-notariusze.waw.pl\\\/\"},{\"@type\":\"ListItem\",\"position\":2,\"name\":\"Podzia\u0142 maj\u0105tku wsp\u00f3lnego\"}]},{\"@type\":\"WebSite\",\"@id\":\"https:\\\/\\\/bakun-notariusze.waw.pl\\\/#website\",\"url\":\"https:\\\/\\\/bakun-notariusze.waw.pl\\\/\",\"name\":\"Artur Bakun\",\"description\":\"Notariusz, Notariusz Praga Po\u0142udnie, akty notarialne, ksi\u0119gi wieczyste, Warszawa Notariusz, Notariusz Artur Bakun, Notariusz Goc\u0142awek, Notariusz Groch\u00f3w\",\"publisher\":{\"@id\":\"https:\\\/\\\/bakun-notariusze.waw.pl\\\/#organization\"},\"potentialAction\":[{\"@type\":\"SearchAction\",\"target\":{\"@type\":\"EntryPoint\",\"urlTemplate\":\"https:\\\/\\\/bakun-notariusze.waw.pl\\\/?s={search_term_string}\"},\"query-input\":{\"@type\":\"PropertyValueSpecification\",\"valueRequired\":true,\"valueName\":\"search_term_string\"}}],\"inLanguage\":\"pl-PL\"},{\"@type\":\"Organization\",\"@id\":\"https:\\\/\\\/bakun-notariusze.waw.pl\\\/#organization\",\"name\":\"Kancelaria Notarialna Artur Bakun\",\"url\":\"https:\\\/\\\/bakun-notariusze.waw.pl\\\/\",\"logo\":{\"@type\":\"ImageObject\",\"inLanguage\":\"pl-PL\",\"@id\":\"https:\\\/\\\/bakun-notariusze.waw.pl\\\/#\\\/schema\\\/logo\\\/image\\\/\",\"url\":\"https:\\\/\\\/bakun-notariusze.waw.pl\\\/wp-content\\\/uploads\\\/2020\\\/02\\\/cropped-logo_Obszar-roboczy-1-1.png\",\"contentUrl\":\"https:\\\/\\\/bakun-notariusze.waw.pl\\\/wp-content\\\/uploads\\\/2020\\\/02\\\/cropped-logo_Obszar-roboczy-1-1.png\",\"width\":225,\"height\":197,\"caption\":\"Kancelaria Notarialna Artur Bakun\"},\"image\":{\"@id\":\"https:\\\/\\\/bakun-notariusze.waw.pl\\\/#\\\/schema\\\/logo\\\/image\\\/\"},\"sameAs\":[\"https:\\\/\\\/www.facebook.com\\\/Artur.Bakun.notariusz.w.Warszawie\\\/\",\"https:\\\/\\\/www.linkedin.com\\\/company\\\/artur-bakun-notariusz\\\/\"]}]}<\/script>\n<!-- \/ Yoast SEO plugin. -->","yoast_head_json":{"title":"Podzia\u0142 maj\u0105tku wsp\u00f3lnego - Artur Bakun","description":"Podzia\u0142 maj\u0105tku wsp\u00f3lnego u notariusza - sprawnie i bez stresu. Warszawa Groch\u00f3w, Praga Po\u0142udnie. Skorzystaj z profesjonalnej pomocy notarialnej.","robots":{"index":"index","follow":"follow","max-snippet":"max-snippet:-1","max-image-preview":"max-image-preview:large","max-video-preview":"max-video-preview:-1"},"canonical":"https:\/\/bakun-notariusze.waw.pl\/index.php\/podzial-majatku-wspolnego\/","og_locale":"pl_PL","og_type":"article","og_title":"Podzia\u0142 maj\u0105tku wsp\u00f3lnego - Artur Bakun","og_description":"Podzia\u0142 maj\u0105tku wsp\u00f3lnego u notariusza - sprawnie i bez stresu. Warszawa Groch\u00f3w, Praga Po\u0142udnie. Skorzystaj z profesjonalnej pomocy notarialnej.","og_url":"https:\/\/bakun-notariusze.waw.pl\/index.php\/podzial-majatku-wspolnego\/","og_site_name":"Artur Bakun","article_publisher":"https:\/\/www.facebook.com\/Artur.Bakun.notariusz.w.Warszawie\/","article_modified_time":"2026-04-27T07:13:06+00:00","twitter_card":"summary_large_image","twitter_misc":{"Szacowany czas czytania":"3 minuty"},"schema":{"@context":"https:\/\/schema.org","@graph":[{"@type":"WebPage","@id":"https:\/\/bakun-notariusze.waw.pl\/index.php\/podzial-majatku-wspolnego\/","url":"https:\/\/bakun-notariusze.waw.pl\/index.php\/podzial-majatku-wspolnego\/","name":"Podzia\u0142 maj\u0105tku wsp\u00f3lnego - Artur Bakun","isPartOf":{"@id":"https:\/\/bakun-notariusze.waw.pl\/#website"},"datePublished":"2026-04-27T07:11:38+00:00","dateModified":"2026-04-27T07:13:06+00:00","description":"Podzia\u0142 maj\u0105tku wsp\u00f3lnego u notariusza - sprawnie i bez stresu. Warszawa Groch\u00f3w, Praga Po\u0142udnie. Skorzystaj z profesjonalnej pomocy notarialnej.","breadcrumb":{"@id":"https:\/\/bakun-notariusze.waw.pl\/index.php\/podzial-majatku-wspolnego\/#breadcrumb"},"inLanguage":"pl-PL","potentialAction":[{"@type":"ReadAction","target":["https:\/\/bakun-notariusze.waw.pl\/index.php\/podzial-majatku-wspolnego\/"]}]},{"@type":"BreadcrumbList","@id":"https:\/\/bakun-notariusze.waw.pl\/index.php\/podzial-majatku-wspolnego\/#breadcrumb","itemListElement":[{"@type":"ListItem","position":1,"name":"Strona g\u0142\u00f3wna","item":"https:\/\/bakun-notariusze.waw.pl\/"},{"@type":"ListItem","position":2,"name":"Podzia\u0142 maj\u0105tku wsp\u00f3lnego"}]},{"@type":"WebSite","@id":"https:\/\/bakun-notariusze.waw.pl\/#website","url":"https:\/\/bakun-notariusze.waw.pl\/","name":"Artur Bakun","description":"Notariusz, Notariusz Praga Po\u0142udnie, akty notarialne, ksi\u0119gi wieczyste, Warszawa Notariusz, Notariusz Artur Bakun, Notariusz Goc\u0142awek, Notariusz Groch\u00f3w","publisher":{"@id":"https:\/\/bakun-notariusze.waw.pl\/#organization"},"potentialAction":[{"@type":"SearchAction","target":{"@type":"EntryPoint","urlTemplate":"https:\/\/bakun-notariusze.waw.pl\/?s={search_term_string}"},"query-input":{"@type":"PropertyValueSpecification","valueRequired":true,"valueName":"search_term_string"}}],"inLanguage":"pl-PL"},{"@type":"Organization","@id":"https:\/\/bakun-notariusze.waw.pl\/#organization","name":"Kancelaria Notarialna Artur Bakun","url":"https:\/\/bakun-notariusze.waw.pl\/","logo":{"@type":"ImageObject","inLanguage":"pl-PL","@id":"https:\/\/bakun-notariusze.waw.pl\/#\/schema\/logo\/image\/","url":"https:\/\/bakun-notariusze.waw.pl\/wp-content\/uploads\/2020\/02\/cropped-logo_Obszar-roboczy-1-1.png","contentUrl":"https:\/\/bakun-notariusze.waw.pl\/wp-content\/uploads\/2020\/02\/cropped-logo_Obszar-roboczy-1-1.png","width":225,"height":197,"caption":"Kancelaria Notarialna Artur Bakun"},"image":{"@id":"https:\/\/bakun-notariusze.waw.pl\/#\/schema\/logo\/image\/"},"sameAs":["https:\/\/www.facebook.com\/Artur.Bakun.notariusz.w.Warszawie\/","https:\/\/www.linkedin.com\/company\/artur-bakun-notariusz\/"]}]}},"_links":{"self":[{"href":"https:\/\/bakun-notariusze.waw.pl\/index.php\/wp-json\/wp\/v2\/pages\/505","targetHints":{"allow":["GET"]}}],"collection":[{"href":"https:\/\/bakun-notariusze.waw.pl\/index.php\/wp-json\/wp\/v2\/pages"}],"about":[{"href":"https:\/\/bakun-notariusze.waw.pl\/index.php\/wp-json\/wp\/v2\/types\/page"}],"author":[{"embeddable":true,"href":"https:\/\/bakun-notariusze.waw.pl\/index.php\/wp-json\/wp\/v2\/users\/2"}],"replies":[{"embeddable":true,"href":"https:\/\/bakun-notariusze.waw.pl\/index.php\/wp-json\/wp\/v2\/comments?post=505"}],"version-history":[{"count":7,"href":"https:\/\/bakun-notariusze.waw.pl\/index.php\/wp-json\/wp\/v2\/pages\/505\/revisions"}],"predecessor-version":[{"id":512,"href":"https:\/\/bakun-notariusze.waw.pl\/index.php\/wp-json\/wp\/v2\/pages\/505\/revisions\/512"}],"wp:attachment":[{"href":"https:\/\/bakun-notariusze.waw.pl\/index.php\/wp-json\/wp\/v2\/media?parent=505"}],"curies":[{"name":"wp","href":"https:\/\/api.w.org\/{rel}","templated":true}]}}