{"id":456,"date":"2026-03-25T07:00:00","date_gmt":"2026-03-25T06:00:00","guid":{"rendered":"https:\/\/bakun-notariusze.waw.pl\/?page_id=456"},"modified":"2026-04-22T11:55:21","modified_gmt":"2026-04-22T09:55:21","slug":"mapa-strony","status":"publish","type":"page","link":"https:\/\/bakun-notariusze.waw.pl\/index.php\/mapa-strony\/","title":{"rendered":"Mapa strony"},"content":{"rendered":"\t\t<div data-elementor-type=\"wp-page\" data-elementor-id=\"456\" class=\"elementor elementor-456\">\n\t\t\t\t\t\t<section class=\"elementor-section elementor-top-section elementor-element elementor-element-451381b elementor-section-boxed elementor-section-height-default elementor-section-height-default\" data-id=\"451381b\" data-element_type=\"section\" data-e-type=\"section\">\n\t\t\t\t\t\t<div class=\"elementor-container elementor-column-gap-default\">\n\t\t\t\t\t<div class=\"elementor-column elementor-col-100 elementor-top-column elementor-element elementor-element-0293331\" data-id=\"0293331\" data-element_type=\"column\" data-e-type=\"column\">\n\t\t\t<div class=\"elementor-widget-wrap\">\n\t\t\t\t\t\t\t<\/div>\n\t\t<\/div>\n\t\t\t\t\t<\/div>\n\t\t<\/section>\n\t\t\t\t<section class=\"elementor-section elementor-top-section elementor-element elementor-element-186cd7d elementor-section-height-min-height animated-slow elementor-section-boxed elementor-section-height-default elementor-section-items-middle elementor-invisible\" data-id=\"186cd7d\" data-element_type=\"section\" data-e-type=\"section\" data-settings=\"{&quot;background_background&quot;:&quot;classic&quot;,&quot;animation&quot;:&quot;fadeIn&quot;,&quot;animation_mobile&quot;:&quot;none&quot;}\">\n\t\t\t\t\t\t\t<div class=\"elementor-background-overlay\"><\/div>\n\t\t\t\t\t\t\t<div class=\"elementor-container elementor-column-gap-default\">\n\t\t\t\t\t<div class=\"elementor-column elementor-col-100 elementor-top-column elementor-element elementor-element-7888d1d\" data-id=\"7888d1d\" data-element_type=\"column\" data-e-type=\"column\">\n\t\t\t<div class=\"elementor-widget-wrap elementor-element-populated\">\n\t\t\t\t\t\t<div class=\"elementor-element elementor-element-8a79c16 elementor-widget elementor-widget-heading\" data-id=\"8a79c16\" data-element_type=\"widget\" data-e-type=\"widget\" data-widget_type=\"heading.default\">\n\t\t\t\t<div class=\"elementor-widget-container\">\n\t\t\t\t\t<h1 class=\"elementor-heading-title elementor-size-default\">Mapa strony<\/h1>\t\t\t\t<\/div>\n\t\t\t\t<\/div>\n\t\t\t\t\t<\/div>\n\t\t<\/div>\n\t\t\t\t\t<\/div>\n\t\t<\/section>\n\t\t\t\t<section class=\"elementor-section elementor-top-section elementor-element elementor-element-171d640 elementor-section-boxed elementor-section-height-default elementor-section-height-default\" data-id=\"171d640\" data-element_type=\"section\" data-e-type=\"section\">\n\t\t\t\t\t\t<div class=\"elementor-container elementor-column-gap-default\">\n\t\t\t\t\t<div class=\"elementor-column elementor-col-100 elementor-top-column elementor-element elementor-element-c138d6b\" data-id=\"c138d6b\" data-element_type=\"column\" data-e-type=\"column\">\n\t\t\t<div class=\"elementor-widget-wrap elementor-element-populated\">\n\t\t\t\t\t\t<div class=\"elementor-element elementor-element-3783f69 elementor-widget elementor-widget-wp-widget-pages\" data-id=\"3783f69\" data-element_type=\"widget\" data-e-type=\"widget\" data-widget_type=\"wp-widget-pages.default\">\n\t\t\t\t<div class=\"elementor-widget-container\">\n\t\t\t\t\t<h5>Strony<\/h5>\n\t\t\t<ul>\n\t\t\t\t<li class=\"page_item page-item-456\"><a href=\"https:\/\/bakun-notariusze.waw.pl\/index.php\/mapa-strony\/\">Mapa strony<\/a><\/li>\n<li class=\"page_item page-item-29\"><a href=\"https:\/\/bakun-notariusze.waw.pl\/\">Notariusz Artur Bakun: Kancelaria Notarialna Praga Po\u0142udnie &#8211; Groch\u00f3w<\/a><\/li>\n<li class=\"page_item page-item-505\"><a href=\"https:\/\/bakun-notariusze.waw.pl\/index.php\/podzial-majatku-wspolnego\/\">Podzia\u0142 maj\u0105tku wsp\u00f3lnego<\/a><\/li>\n<li class=\"page_item page-item-490\"><a href=\"https:\/\/bakun-notariusze.waw.pl\/index.php\/umowa-przeniesienia-wlasnosci-nieruchomosci\/\">Umowa przeniesienia w\u0142asno\u015bci nieruchomo\u015bci<\/a><\/li>\n\t\t\t<\/ul>\n\n\t\t\t\t\t\t\t<\/div>\n\t\t\t\t<\/div>\n\t\t\t\t\t<\/div>\n\t\t<\/div>\n\t\t\t\t\t<\/div>\n\t\t<\/section>\n\t\t\t\t<section class=\"elementor-section elementor-top-section elementor-element elementor-element-8d8cdfb elementor-section-content-middle elementor-section-boxed elementor-section-height-default elementor-section-height-default\" data-id=\"8d8cdfb\" data-element_type=\"section\" data-e-type=\"section\" data-settings=\"{&quot;background_background&quot;:&quot;classic&quot;}\">\n\t\t\t\t\t\t<div class=\"elementor-container elementor-column-gap-no\">\n\t\t\t\t\t<div class=\"elementor-column elementor-col-50 elementor-top-column elementor-element elementor-element-c8bc2ca\" data-id=\"c8bc2ca\" data-element_type=\"column\" data-e-type=\"column\">\n\t\t\t<div class=\"elementor-widget-wrap elementor-element-populated\">\n\t\t\t\t\t\t<div class=\"elementor-element elementor-element-1ca067b elementor-widget elementor-widget-heading\" data-id=\"1ca067b\" data-element_type=\"widget\" data-e-type=\"widget\" data-widget_type=\"heading.default\">\n\t\t\t\t<div class=\"elementor-widget-container\">\n\t\t\t\t\t<h2 class=\"elementor-heading-title elementor-size-default\">Kancelaria Notarialna <br>Praga Po\u0142udnie - Groch\u00f3w<br>Notariusz Artur Bakun<\/h2>\t\t\t\t<\/div>\n\t\t\t\t<\/div>\n\t\t\t\t<div class=\"elementor-element elementor-element-54909e0 elementor-widget-divider--view-line elementor-widget elementor-widget-divider\" data-id=\"54909e0\" data-element_type=\"widget\" data-e-type=\"widget\" data-widget_type=\"divider.default\">\n\t\t\t\t<div class=\"elementor-widget-container\">\n\t\t\t\t\t\t\t<div class=\"elementor-divider\">\n\t\t\t<span class=\"elementor-divider-separator\">\n\t\t\t\t\t\t<\/span>\n\t\t<\/div>\n\t\t\t\t\t\t<\/div>\n\t\t\t\t<\/div>\n\t\t\t\t\t<\/div>\n\t\t<\/div>\n\t\t\t\t<div class=\"elementor-column elementor-col-50 elementor-top-column elementor-element elementor-element-e294d95\" data-id=\"e294d95\" data-element_type=\"column\" data-e-type=\"column\">\n\t\t\t<div class=\"elementor-widget-wrap elementor-element-populated\">\n\t\t\t\t\t\t<div class=\"elementor-element elementor-element-28a0caf elementor-widget elementor-widget-heading\" data-id=\"28a0caf\" data-element_type=\"widget\" data-e-type=\"widget\" data-widget_type=\"heading.default\">\n\t\t\t\t<div class=\"elementor-widget-container\">\n\t\t\t\t\t<div class=\"elementor-heading-title elementor-size-default\">Telefon kancelaria: (22) 888-61-03<br>E-mail : bakun@notariusze.waw.pl<br>Adres: J\u00f3zefa Ch\u0142opickiego 6B, 04-314 Warszawa, Praga Po\u0142udnie<br>Czynne: Poniedzia\u0142ek: 11-19 , wtorek-pi\u0105tek: 9-17<\/div>\t\t\t\t<\/div>\n\t\t\t\t<\/div>\n\t\t\t\t<div class=\"elementor-element elementor-element-f66a168 elementor-widget elementor-widget-text-editor\" data-id=\"f66a168\" data-element_type=\"widget\" data-e-type=\"widget\" data-widget_type=\"text-editor.default\">\n\t\t\t\t<div class=\"elementor-widget-container\">\n\t\t\t\t\t\t\t\t\t<div><a href=\"\/index.php\/mapa-strony\/\">Mapa strony<\/a><\/div>\t\t\t\t\t\t\t\t<\/div>\n\t\t\t\t<\/div>\n\t\t\t\t\t<\/div>\n\t\t<\/div>\n\t\t\t\t\t<\/div>\n\t\t<\/section>\n\t\t\t\t<\/div>\n\t\t","protected":false},"excerpt":{"rendered":"<p>Mapa strony Kancelaria Notarialna Praga Po\u0142udnie &#8211; Groch\u00f3wNotariusz Artur Bakun Telefon kancelaria: (22) 888-61-03E-mail : bakun@notariusze.waw.plAdres: J\u00f3zefa Ch\u0142opickiego 6B, 04-314 Warszawa, Praga Po\u0142udnieCzynne: Poniedzia\u0142ek: 11-19 , wtorek-pi\u0105tek: 9-17 Mapa strony<\/p>\n","protected":false},"author":2,"featured_media":0,"parent":0,"menu_order":0,"comment_status":"closed","ping_status":"closed","template":"elementor_header_footer","meta":{"footnotes":""},"class_list":["post-456","page","type-page","status-publish","hentry"],"yoast_head":"<!-- This site is optimized with the Yoast SEO plugin v27.5 - https:\/\/yoast.com\/product\/yoast-seo-wordpress\/ -->\n<title>Mapa strony - Artur Bakun<\/title>\n<meta name=\"robots\" content=\"index, follow, max-snippet:-1, max-image-preview:large, max-video-preview:-1\" \/>\n<link rel=\"canonical\" href=\"https:\/\/bakun-notariusze.waw.pl\/index.php\/mapa-strony\/\" \/>\n<meta property=\"og:locale\" content=\"pl_PL\" \/>\n<meta property=\"og:type\" content=\"article\" \/>\n<meta property=\"og:title\" content=\"Mapa strony - Artur Bakun\" \/>\n<meta property=\"og:description\" content=\"Mapa strony Kancelaria Notarialna Praga Po\u0142udnie &#8211; Groch\u00f3wNotariusz Artur Bakun Telefon kancelaria: (22) 888-61-03E-mail : bakun@notariusze.waw.plAdres: J\u00f3zefa Ch\u0142opickiego 6B, 04-314 Warszawa, Praga Po\u0142udnieCzynne: Poniedzia\u0142ek: 11-19 , wtorek-pi\u0105tek: 9-17 Mapa strony\" \/>\n<meta property=\"og:url\" content=\"https:\/\/bakun-notariusze.waw.pl\/index.php\/mapa-strony\/\" \/>\n<meta property=\"og:site_name\" content=\"Artur Bakun\" \/>\n<meta property=\"article:publisher\" content=\"https:\/\/www.facebook.com\/Artur.Bakun.notariusz.w.Warszawie\/\" \/>\n<meta property=\"article:modified_time\" content=\"2026-04-22T09:55:21+00:00\" \/>\n<meta name=\"twitter:card\" content=\"summary_large_image\" \/>\n<meta name=\"twitter:label1\" content=\"Szacowany czas czytania\" \/>\n\t<meta name=\"twitter:data1\" content=\"1 minuta\" \/>\n<script type=\"application\/ld+json\" class=\"yoast-schema-graph\">{\"@context\":\"https:\\\/\\\/schema.org\",\"@graph\":[{\"@type\":\"WebPage\",\"@id\":\"https:\\\/\\\/bakun-notariusze.waw.pl\\\/index.php\\\/mapa-strony\\\/\",\"url\":\"https:\\\/\\\/bakun-notariusze.waw.pl\\\/index.php\\\/mapa-strony\\\/\",\"name\":\"Mapa strony - Artur Bakun\",\"isPartOf\":{\"@id\":\"https:\\\/\\\/bakun-notariusze.waw.pl\\\/#website\"},\"datePublished\":\"2026-03-25T06:00:00+00:00\",\"dateModified\":\"2026-04-22T09:55:21+00:00\",\"breadcrumb\":{\"@id\":\"https:\\\/\\\/bakun-notariusze.waw.pl\\\/index.php\\\/mapa-strony\\\/#breadcrumb\"},\"inLanguage\":\"pl-PL\",\"potentialAction\":[{\"@type\":\"ReadAction\",\"target\":[\"https:\\\/\\\/bakun-notariusze.waw.pl\\\/index.php\\\/mapa-strony\\\/\"]}]},{\"@type\":\"BreadcrumbList\",\"@id\":\"https:\\\/\\\/bakun-notariusze.waw.pl\\\/index.php\\\/mapa-strony\\\/#breadcrumb\",\"itemListElement\":[{\"@type\":\"ListItem\",\"position\":1,\"name\":\"Strona g\u0142\u00f3wna\",\"item\":\"https:\\\/\\\/bakun-notariusze.waw.pl\\\/\"},{\"@type\":\"ListItem\",\"position\":2,\"name\":\"Mapa strony\"}]},{\"@type\":\"WebSite\",\"@id\":\"https:\\\/\\\/bakun-notariusze.waw.pl\\\/#website\",\"url\":\"https:\\\/\\\/bakun-notariusze.waw.pl\\\/\",\"name\":\"Artur Bakun\",\"description\":\"Notariusz, Notariusz Praga Po\u0142udnie, akty notarialne, ksi\u0119gi wieczyste, Warszawa Notariusz, Notariusz Artur Bakun, Notariusz Goc\u0142awek, Notariusz Groch\u00f3w\",\"publisher\":{\"@id\":\"https:\\\/\\\/bakun-notariusze.waw.pl\\\/#organization\"},\"potentialAction\":[{\"@type\":\"SearchAction\",\"target\":{\"@type\":\"EntryPoint\",\"urlTemplate\":\"https:\\\/\\\/bakun-notariusze.waw.pl\\\/?s={search_term_string}\"},\"query-input\":{\"@type\":\"PropertyValueSpecification\",\"valueRequired\":true,\"valueName\":\"search_term_string\"}}],\"inLanguage\":\"pl-PL\"},{\"@type\":\"Organization\",\"@id\":\"https:\\\/\\\/bakun-notariusze.waw.pl\\\/#organization\",\"name\":\"Kancelaria Notarialna Artur Bakun\",\"url\":\"https:\\\/\\\/bakun-notariusze.waw.pl\\\/\",\"logo\":{\"@type\":\"ImageObject\",\"inLanguage\":\"pl-PL\",\"@id\":\"https:\\\/\\\/bakun-notariusze.waw.pl\\\/#\\\/schema\\\/logo\\\/image\\\/\",\"url\":\"https:\\\/\\\/bakun-notariusze.waw.pl\\\/wp-content\\\/uploads\\\/2020\\\/02\\\/cropped-logo_Obszar-roboczy-1-1.png\",\"contentUrl\":\"https:\\\/\\\/bakun-notariusze.waw.pl\\\/wp-content\\\/uploads\\\/2020\\\/02\\\/cropped-logo_Obszar-roboczy-1-1.png\",\"width\":225,\"height\":197,\"caption\":\"Kancelaria Notarialna Artur Bakun\"},\"image\":{\"@id\":\"https:\\\/\\\/bakun-notariusze.waw.pl\\\/#\\\/schema\\\/logo\\\/image\\\/\"},\"sameAs\":[\"https:\\\/\\\/www.facebook.com\\\/Artur.Bakun.notariusz.w.Warszawie\\\/\",\"https:\\\/\\\/www.linkedin.com\\\/company\\\/artur-bakun-notariusz\\\/\"]}]}<\/script>\n<!-- \/ Yoast SEO plugin. -->","yoast_head_json":{"title":"Mapa strony - Artur Bakun","robots":{"index":"index","follow":"follow","max-snippet":"max-snippet:-1","max-image-preview":"max-image-preview:large","max-video-preview":"max-video-preview:-1"},"canonical":"https:\/\/bakun-notariusze.waw.pl\/index.php\/mapa-strony\/","og_locale":"pl_PL","og_type":"article","og_title":"Mapa strony - Artur Bakun","og_description":"Mapa strony Kancelaria Notarialna Praga Po\u0142udnie &#8211; Groch\u00f3wNotariusz Artur Bakun Telefon kancelaria: (22) 888-61-03E-mail : bakun@notariusze.waw.plAdres: J\u00f3zefa Ch\u0142opickiego 6B, 04-314 Warszawa, Praga Po\u0142udnieCzynne: Poniedzia\u0142ek: 11-19 , wtorek-pi\u0105tek: 9-17 Mapa strony","og_url":"https:\/\/bakun-notariusze.waw.pl\/index.php\/mapa-strony\/","og_site_name":"Artur Bakun","article_publisher":"https:\/\/www.facebook.com\/Artur.Bakun.notariusz.w.Warszawie\/","article_modified_time":"2026-04-22T09:55:21+00:00","twitter_card":"summary_large_image","twitter_misc":{"Szacowany czas czytania":"1 minuta"},"schema":{"@context":"https:\/\/schema.org","@graph":[{"@type":"WebPage","@id":"https:\/\/bakun-notariusze.waw.pl\/index.php\/mapa-strony\/","url":"https:\/\/bakun-notariusze.waw.pl\/index.php\/mapa-strony\/","name":"Mapa strony - Artur Bakun","isPartOf":{"@id":"https:\/\/bakun-notariusze.waw.pl\/#website"},"datePublished":"2026-03-25T06:00:00+00:00","dateModified":"2026-04-22T09:55:21+00:00","breadcrumb":{"@id":"https:\/\/bakun-notariusze.waw.pl\/index.php\/mapa-strony\/#breadcrumb"},"inLanguage":"pl-PL","potentialAction":[{"@type":"ReadAction","target":["https:\/\/bakun-notariusze.waw.pl\/index.php\/mapa-strony\/"]}]},{"@type":"BreadcrumbList","@id":"https:\/\/bakun-notariusze.waw.pl\/index.php\/mapa-strony\/#breadcrumb","itemListElement":[{"@type":"ListItem","position":1,"name":"Strona g\u0142\u00f3wna","item":"https:\/\/bakun-notariusze.waw.pl\/"},{"@type":"ListItem","position":2,"name":"Mapa strony"}]},{"@type":"WebSite","@id":"https:\/\/bakun-notariusze.waw.pl\/#website","url":"https:\/\/bakun-notariusze.waw.pl\/","name":"Artur Bakun","description":"Notariusz, Notariusz Praga Po\u0142udnie, akty notarialne, ksi\u0119gi wieczyste, Warszawa Notariusz, Notariusz Artur Bakun, Notariusz Goc\u0142awek, Notariusz Groch\u00f3w","publisher":{"@id":"https:\/\/bakun-notariusze.waw.pl\/#organization"},"potentialAction":[{"@type":"SearchAction","target":{"@type":"EntryPoint","urlTemplate":"https:\/\/bakun-notariusze.waw.pl\/?s={search_term_string}"},"query-input":{"@type":"PropertyValueSpecification","valueRequired":true,"valueName":"search_term_string"}}],"inLanguage":"pl-PL"},{"@type":"Organization","@id":"https:\/\/bakun-notariusze.waw.pl\/#organization","name":"Kancelaria Notarialna Artur Bakun","url":"https:\/\/bakun-notariusze.waw.pl\/","logo":{"@type":"ImageObject","inLanguage":"pl-PL","@id":"https:\/\/bakun-notariusze.waw.pl\/#\/schema\/logo\/image\/","url":"https:\/\/bakun-notariusze.waw.pl\/wp-content\/uploads\/2020\/02\/cropped-logo_Obszar-roboczy-1-1.png","contentUrl":"https:\/\/bakun-notariusze.waw.pl\/wp-content\/uploads\/2020\/02\/cropped-logo_Obszar-roboczy-1-1.png","width":225,"height":197,"caption":"Kancelaria Notarialna Artur Bakun"},"image":{"@id":"https:\/\/bakun-notariusze.waw.pl\/#\/schema\/logo\/image\/"},"sameAs":["https:\/\/www.facebook.com\/Artur.Bakun.notariusz.w.Warszawie\/","https:\/\/www.linkedin.com\/company\/artur-bakun-notariusz\/"]}]}},"_links":{"self":[{"href":"https:\/\/bakun-notariusze.waw.pl\/index.php\/wp-json\/wp\/v2\/pages\/456","targetHints":{"allow":["GET"]}}],"collection":[{"href":"https:\/\/bakun-notariusze.waw.pl\/index.php\/wp-json\/wp\/v2\/pages"}],"about":[{"href":"https:\/\/bakun-notariusze.waw.pl\/index.php\/wp-json\/wp\/v2\/types\/page"}],"author":[{"embeddable":true,"href":"https:\/\/bakun-notariusze.waw.pl\/index.php\/wp-json\/wp\/v2\/users\/2"}],"replies":[{"embeddable":true,"href":"https:\/\/bakun-notariusze.waw.pl\/index.php\/wp-json\/wp\/v2\/comments?post=456"}],"version-history":[{"count":13,"href":"https:\/\/bakun-notariusze.waw.pl\/index.php\/wp-json\/wp\/v2\/pages\/456\/revisions"}],"predecessor-version":[{"id":488,"href":"https:\/\/bakun-notariusze.waw.pl\/index.php\/wp-json\/wp\/v2\/pages\/456\/revisions\/488"}],"wp:attachment":[{"href":"https:\/\/bakun-notariusze.waw.pl\/index.php\/wp-json\/wp\/v2\/media?parent=456"}],"curies":[{"name":"wp","href":"https:\/\/api.w.org\/{rel}","templated":true}]}}